{"id":3,"date":"2021-02-27T19:55:32","date_gmt":"2021-02-27T19:55:32","guid":{"rendered":"https:\/\/marelliaffettatrici.it\/wp_2021\/?page_id=3"},"modified":"2021-03-27T07:52:43","modified_gmt":"2021-03-27T07:52:43","slug":"privacy-policy","status":"publish","type":"page","link":"https:\/\/marelliaffettatrici.it\/en\/privacy-policy\/","title":{"rendered":"Privacy Policy"},"content":{"rendered":"<div data-elementor-type=\"wp-page\" data-elementor-id=\"3\" class=\"elementor elementor-3\" data-elementor-post-type=\"page\">\n\t\t\t\t\t\t<section class=\"elementor-section elementor-top-section elementor-element elementor-element-ee7b643 elementor-section-boxed elementor-section-height-default elementor-section-height-default\" data-id=\"ee7b643\" data-element_type=\"section\">\n\t\t\t\t\t\t<div class=\"elementor-container elementor-column-gap-default\">\n\t\t\t\t\t<div class=\"elementor-column elementor-col-100 elementor-top-column elementor-element elementor-element-3c6cdc8\" data-id=\"3c6cdc8\" data-element_type=\"column\">\n\t\t\t<div class=\"elementor-widget-wrap elementor-element-populated\">\n\t\t\t\t\t\t<div class=\"elementor-element elementor-element-b14f620 elementor-widget elementor-widget-text-editor\" data-id=\"b14f620\" data-element_type=\"widget\" data-widget_type=\"text-editor.default\">\n\t\t\t\t<div class=\"elementor-widget-container\">\n\t\t\t\t\t\t\t<h1>Gdpr<\/h1><p>Informativa resa ai sensi degli articoli 13-14 del GDPR 2016\/679 (General Data Protection Regulation)<\/p><p>Gentile Sig.\/Sig.ra<br \/>desideriamo informarLa, ai sensi degli articoli 12,13 e 14 del Regolamento Europeo 2016\/679 noto anche come \u201cGeneral Data Protection Regulation\u201d (di seguito \u201cGDPR\u201d) relativo alla protezione delle persone fisiche con riguardo al trattamento dei dati personali, nonch\u00e9 alla libera circolazione di tali dati, che le informazioni ed i dati da Lei forniti od altrimenti acquisiti nell\u2019ambito dei servizi erogati da DML Restauri saranno oggetto di trattamento nel rispetto delle disposizioni sopra menzionate e degli obblighi di riservatezza che ispirano l\u2019attivit\u00e0 della nostra organizzazione.<br \/>Per trattamento di dati personali intendiamo qualunque operazione o complesso di operazioni, effettuate anche senza l\u2019ausilio di strumenti elettronici, concernenti la raccolta, la registrazione, l\u2019organizzazione, la conservazione, la consultazione, l\u2019elaborazione, la modifica, la selezione, l\u2019estrazione, il raffronto, l\u2019utilizzo, l\u2019interconnessione, il blocco, la comunicazione, la diffusione, la cancellazione e la distruzione di dati, anche se non registrati in una banca di dati.<br \/>Lo scopo della presente informativa \u00e8 quello di renderle noti in tutta trasparenza gli scopi per i quali potremmo utilizzare i suoi dati, come li gestiremo, a chi potrebbero essere comunicati, dove potrebbero essere trasferiti (all\u2019interno o all\u2019esterno dell\u2019UE) e quali sono i Vostri diritti.<br \/>Titolare del trattamento<br \/>I suoi dati saranno trattati, in qualit\u00e0 di Titolari del trattamento dei dati dalla Marelli S.n.c. nella persona di Davide Marelli.<\/p><p><b>Finalit\u00e0 di trattamento dei dati<\/b><br \/>Marelli S.n.c. utilizzer\u00e0 i suoi dati esclusivamente per le seguenti finalit\u00e0:<br \/>1. Finalit\u00e0 connesse alla gestione del rapporto contrattuale ed all\u2019erogazione dei Servizi di richiesta informazione presenti su questo sito. I suoi dati saranno trattati per le seguenti finalit\u00e0: instaurazione, gestione ed estinzione del rapporto contrattuale e commerciale; adempimento degli obblighi contabili e fiscali; adempimento degli obblighi di legge (ad esempio: controlli antiterrorismo); controlli antiriciclaggio; verifiche di natura fiscale e contabile; gestione dei contenziosi; erogazione, supporto, aggiornamento ed informazione in merito ai Servizi offerti e alle funzionalit\u00e0 disponibili;<br \/>2. Finalit\u00e0 connesse ad attivit\u00e0 di promozione e marketing: con il suo specifico consenso, i suoi dati saranno trattati per le seguenti finalit\u00e0: invio di inviti a presentazioni, materiale pubblicitario, informativo, promozionale e di aggiornamenti su iniziative, promozioni e offerte di Marelli S.n.c.;<br \/>Marelli S.n.c. effettuer\u00e0 il trattamento:<br \/>\u2022 sulla base del Vs. consenso;<br \/>\u2022 perch\u00e9 \u00e8 necessario per gli adempimenti contrattuali di cui al punto 1)<br \/>\u2022 perch\u00e9 \u00e8 necessario per adempiere agli obblighi legali ai quali siete soggetti (ad es. obblighi contabili, retributivi, previdenziali, controlli antiterrorismo);<br \/>\u2022 perch\u00e9 il trattamento \u00e8 necessario per perseguire un legittimo interesse (ad es. verifiche antiriciclaggio, utilizzo di strumenti di videosorveglianza a tutela del patrimonio aziendale, prevenzione delle frodi, salvaguardia di interessi strategici aziendali e relativi rapporti commerciali).<br \/>Ne consegue che il conferimento dei Dati personali \u00e8 obbligatorio per le finalit\u00e0 di cui al punto 1).<br \/>La finalit\u00e0 2) non deriva da un obbligo di legge ed il conferimento dei relativi consensi \u00e8 facoltativo.<br \/>L\u2019eventuale mancato conferimento dei dati comporter\u00e0 l\u2019impossibilit\u00e0 di raggiungere le finalit\u00e0 precedentemente indicate e quindi di dare seguito al rapporto contrattuale.<br \/>L\u2019entit\u00e0 e l\u2019adeguatezza dei Dati conferiti sar\u00e0 valutata di volta in volta, al fine di determinare le conseguenti decisioni ed evitare il trattamento di Dati eccedenti rispetto alle finalit\u00e0 perseguite.<br \/>DML Restauri si impegna a non usare i suoi dati personali per finalit\u00e0 diverse e ulteriori rispetto a quelle descritte nella presente informativa, se non informandoVi previamente e, ove necessario, ottenendo il suo consenso.<\/p><p><b>Modalit\u00e0 del trattamento<\/b><br \/>Marelli S.n.c. ha come obiettivo la tutela dei Dati dei propri clienti, improntando il loro trattamento ai principi di correttezza, di liceit\u00e0 e trasparenza. La informiamo, pertanto, che i suoi dati personali saranno trattati, tramite l\u2019utilizzo di strumenti e procedure idonei a garantirne la massima sicurezza e riservatezza, mediante archivi e supporti cartacei, con l\u2019ausilio di supporti digitali, mezzi informatici e telematici.<br \/>Ci preme ricordarle che ha la facolt\u00e0 di esercitare il diritto di opposizione che, in assenza di sua indicazione contraria, verr\u00e0 riferita tanto alle comunicazioni tradizionali quanto a quelle automatizzate.<br \/>Conservazioni dei suoi dati e informazioni<br \/>I suoi dati personali saranno conservati, a partire dal loro ricevimento\/aggiornamento, per un periodo congruo rispetto alle finalit\u00e0 di trattamento su indicate (es. richiesta informazioni\/contatto da sito) e rispettando quanto imposto dalla legge in primis.<\/p><p><b>Comunicazione e diffusione dei dati<\/b><br \/>Per le finalit\u00e0 indicate in precedenza i suoi Dati potranno essere comunicati a soggetti terzi, [tra cui Societ\u00e0 di recupero crediti, Aziende utilizzatrici, Professionisti, Enti bilaterali di settore ex art.24, comma 2, lettera h), CCNL Agenzie di somministrazione, Enti pubblici, Organismi di revisione o vigilanza], per adempiere ad obblighi derivanti dalla legge, regolamenti, normative comunitarie o per aspetti riguardanti la gestione ed esecuzione del rapporto contrattuale nonch\u00e9 le normative fiscali e di Legge.<br \/>I Dati verranno, inoltre, trattati da risorse interne, adeguatamente istruite, che operano in qualit\u00e0 di personale autorizzato al trattamento dei Dati.<br \/>L\u2019accesso ai Dati archiviati potr\u00e0 essere effettuato solo dalle pubbliche autorit\u00e0, nei casi e modalit\u00e0 previsti dalle leggi vigenti, in ipotesi di controversie giudiziarie.<br \/>I suoi dati personali non saranno soggetti ad alcuna diffusione.<br \/>Diritti dell\u2019interessato<br \/>In ogni momento, Lei potr\u00e0 esercitare, ai sensi degli articoli dal 15 al 22 del Regolamento UE n. 2016\/679, il diritto di:<br \/>a) chiedere la conferma dell\u2019esistenza o meno di propri dati personali;<br \/>b) ottenere le indicazioni circa le finalit\u00e0 del trattamento, le categorie dei dati personali, i destinatari o le categorie di destinatari a cui i dati personali sono stati o saranno comunicati e, quando possibile, il periodo di conservazione;<br \/>c) ottenere la rettifica e la cancellazione dei dati;<br \/>d) ottenere la limitazione del trattamento;<br \/>e) ottenere la portabilit\u00e0 dei dati, ossia riceverli da un titolare del trattamento, in un formato strutturato, di uso comune e leggibile da dispositivo automatico, e trasmetterli ad un altro titolare del trattamento senza impedimenti;<br \/>f) opporsi al trattamento in qualsiasi momento ed anche nel caso di trattamento per finalit\u00e0 di marketing diretto;<br \/>g) opporsi ad un processo decisionale automatizzato relativo alle persone fisiche, compresa la profilazione.<br \/>h) chiedere al titolare del trattamento l\u2019accesso ai dati personali e la rettifica o la cancellazione degli stessi o la limitazione del trattamento che lo riguardano o di opporsi al loro trattamento, oltre al diritto alla portabilit\u00e0 dei dati;<br \/>i) revocare il consenso in qualsiasi momento senza pregiudicare la liceit\u00e0 del trattamento basata sul consenso prestato prima della revoca;<br \/>j) proporre reclamo a un\u2019autorit\u00e0 di controllo. Pu\u00f2 esercitare i Suoi diritti con richiesta scritta inviata a Marelli S.n.c., via Conchetta, 15 20136 Milano o all\u2019indirizzo mail <a href=\"mailto:marellig@tiscali.it\">marellig@tiscali.it<\/a><\/p>\t\t\t\t\t\t<\/div>\n\t\t\t\t<\/div>\n\t\t\t\t\t<\/div>\n\t\t<\/div>\n\t\t\t\t\t<\/div>\n\t\t<\/section>\n\t\t\t\t<\/div>","protected":false},"excerpt":{"rendered":"<p>Gdpr Informativa resa ai sensi degli articoli 13-14 del GDPR 2016\/679 (General Data Protection Regulation) Gentile Sig.\/Sig.radesideriamo informarLa, ai sensi degli articoli 12,13 e 14 del Regolamento Europeo 2016\/679 noto anche come \u201cGeneral Data Protection Regulation\u201d (di seguito \u201cGDPR\u201d) relativo alla protezione delle persone fisiche con riguardo al trattamento dei dati personali, nonch\u00e9 alla libera [&hellip;]<\/p>","protected":false},"author":1,"featured_media":0,"parent":0,"menu_order":0,"comment_status":"closed","ping_status":"open","template":"elementor_header_footer","meta":{"footnotes":""},"class_list":["post-3","page","type-page","status-publish","hentry","entry","owp-thumbs-layout-horizontal","owp-btn-normal","owp-tabs-layout-vertical","has-no-thumbnails","has-product-nav"],"yoast_head":"<!-- This site is optimized with the Yoast SEO plugin v23.9 - https:\/\/yoast.com\/wordpress\/plugins\/seo\/ -->\n<title>Privacy Policy - Marelli snc<\/title>\n<meta name=\"robots\" content=\"index, follow, max-snippet:-1, max-image-preview:large, max-video-preview:-1\" \/>\n<link rel=\"canonical\" href=\"https:\/\/marelliaffettatrici.it\/en\/privacy-policy\/\" \/>\n<meta property=\"og:locale\" content=\"en_GB\" \/>\n<meta property=\"og:type\" content=\"article\" \/>\n<meta property=\"og:title\" content=\"Privacy Policy - Marelli snc\" \/>\n<meta property=\"og:description\" content=\"Gdpr Informativa resa ai sensi degli articoli 13-14 del GDPR 2016\/679 (General Data Protection Regulation) Gentile Sig.\/Sig.radesideriamo informarLa, ai sensi degli articoli 12,13 e 14 del Regolamento Europeo 2016\/679 noto anche come \u201cGeneral Data Protection Regulation\u201d (di seguito \u201cGDPR\u201d) relativo alla protezione delle persone fisiche con riguardo al trattamento dei dati personali, nonch\u00e9 alla libera [&hellip;]\" \/>\n<meta property=\"og:url\" content=\"https:\/\/marelliaffettatrici.it\/en\/privacy-policy\/\" \/>\n<meta property=\"og:site_name\" content=\"Marelli snc\" \/>\n<meta property=\"article:publisher\" content=\"https:\/\/www.facebook.com\/profile.php?id=100063528340054\" \/>\n<meta property=\"article:modified_time\" content=\"2021-03-27T07:52:43+00:00\" \/>\n<meta name=\"twitter:card\" content=\"summary_large_image\" \/>\n<meta name=\"twitter:label1\" content=\"Estimated reading time\" \/>\n\t<meta name=\"twitter:data1\" content=\"5 minutes\" \/>\n<script type=\"application\/ld+json\" class=\"yoast-schema-graph\">{\"@context\":\"https:\/\/schema.org\",\"@graph\":[{\"@type\":\"WebPage\",\"@id\":\"https:\/\/marelliaffettatrici.it\/privacy-policy\/\",\"url\":\"https:\/\/marelliaffettatrici.it\/privacy-policy\/\",\"name\":\"Privacy Policy - Marelli snc\",\"isPartOf\":{\"@id\":\"https:\/\/marelliaffettatrici.it\/#website\"},\"datePublished\":\"2021-02-27T19:55:32+00:00\",\"dateModified\":\"2021-03-27T07:52:43+00:00\",\"breadcrumb\":{\"@id\":\"https:\/\/marelliaffettatrici.it\/privacy-policy\/#breadcrumb\"},\"inLanguage\":\"en-GB\",\"potentialAction\":[{\"@type\":\"ReadAction\",\"target\":[\"https:\/\/marelliaffettatrici.it\/privacy-policy\/\"]}]},{\"@type\":\"BreadcrumbList\",\"@id\":\"https:\/\/marelliaffettatrici.it\/privacy-policy\/#breadcrumb\",\"itemListElement\":[{\"@type\":\"ListItem\",\"position\":1,\"name\":\"Home\",\"item\":\"https:\/\/marelliaffettatrici.it\/\"},{\"@type\":\"ListItem\",\"position\":2,\"name\":\"Privacy Policy\"}]},{\"@type\":\"WebSite\",\"@id\":\"https:\/\/marelliaffettatrici.it\/#website\",\"url\":\"https:\/\/marelliaffettatrici.it\/\",\"name\":\"Marelli snc\",\"description\":\"Marelli Affettatrici a volano \u2022 Via Conchetta 15 - 20136 Milano - Marelli Bilance \u2022 Via Conchetta, 15 - 20136 Milanoo\",\"publisher\":{\"@id\":\"https:\/\/marelliaffettatrici.it\/#organization\"},\"potentialAction\":[{\"@type\":\"SearchAction\",\"target\":{\"@type\":\"EntryPoint\",\"urlTemplate\":\"https:\/\/marelliaffettatrici.it\/?s={search_term_string}\"},\"query-input\":{\"@type\":\"PropertyValueSpecification\",\"valueRequired\":true,\"valueName\":\"search_term_string\"}}],\"inLanguage\":\"en-GB\"},{\"@type\":\"Organization\",\"@id\":\"https:\/\/marelliaffettatrici.it\/#organization\",\"name\":\"Marelli snc\",\"url\":\"https:\/\/marelliaffettatrici.it\/\",\"logo\":{\"@type\":\"ImageObject\",\"inLanguage\":\"en-GB\",\"@id\":\"https:\/\/marelliaffettatrici.it\/#\/schema\/logo\/image\/\",\"url\":\"https:\/\/marelliaffettatrici.it\/wp-content\/uploads\/2021\/02\/Marelli_logo_Tavola-disegno-1.png\",\"contentUrl\":\"https:\/\/marelliaffettatrici.it\/wp-content\/uploads\/2021\/02\/Marelli_logo_Tavola-disegno-1.png\",\"width\":466,\"height\":77,\"caption\":\"Marelli snc\"},\"image\":{\"@id\":\"https:\/\/marelliaffettatrici.it\/#\/schema\/logo\/image\/\"},\"sameAs\":[\"https:\/\/www.facebook.com\/profile.php?id=100063528340054\",\"https:\/\/www.instagram.com\/marelliaffettatrici\/\"]}]}<\/script>\n<!-- \/ Yoast SEO plugin. -->","yoast_head_json":{"title":"Privacy Policy - Marelli snc","robots":{"index":"index","follow":"follow","max-snippet":"max-snippet:-1","max-image-preview":"max-image-preview:large","max-video-preview":"max-video-preview:-1"},"canonical":"https:\/\/marelliaffettatrici.it\/en\/privacy-policy\/","og_locale":"en_GB","og_type":"article","og_title":"Privacy Policy - Marelli snc","og_description":"Gdpr Informativa resa ai sensi degli articoli 13-14 del GDPR 2016\/679 (General Data Protection Regulation) Gentile Sig.\/Sig.radesideriamo informarLa, ai sensi degli articoli 12,13 e 14 del Regolamento Europeo 2016\/679 noto anche come \u201cGeneral Data Protection Regulation\u201d (di seguito \u201cGDPR\u201d) relativo alla protezione delle persone fisiche con riguardo al trattamento dei dati personali, nonch\u00e9 alla libera [&hellip;]","og_url":"https:\/\/marelliaffettatrici.it\/en\/privacy-policy\/","og_site_name":"Marelli snc","article_publisher":"https:\/\/www.facebook.com\/profile.php?id=100063528340054","article_modified_time":"2021-03-27T07:52:43+00:00","twitter_card":"summary_large_image","twitter_misc":{"Estimated reading time":"5 minutes"},"schema":{"@context":"https:\/\/schema.org","@graph":[{"@type":"WebPage","@id":"https:\/\/marelliaffettatrici.it\/privacy-policy\/","url":"https:\/\/marelliaffettatrici.it\/privacy-policy\/","name":"Privacy Policy - Marelli snc","isPartOf":{"@id":"https:\/\/marelliaffettatrici.it\/#website"},"datePublished":"2021-02-27T19:55:32+00:00","dateModified":"2021-03-27T07:52:43+00:00","breadcrumb":{"@id":"https:\/\/marelliaffettatrici.it\/privacy-policy\/#breadcrumb"},"inLanguage":"en-GB","potentialAction":[{"@type":"ReadAction","target":["https:\/\/marelliaffettatrici.it\/privacy-policy\/"]}]},{"@type":"BreadcrumbList","@id":"https:\/\/marelliaffettatrici.it\/privacy-policy\/#breadcrumb","itemListElement":[{"@type":"ListItem","position":1,"name":"Home","item":"https:\/\/marelliaffettatrici.it\/"},{"@type":"ListItem","position":2,"name":"Privacy Policy"}]},{"@type":"WebSite","@id":"https:\/\/marelliaffettatrici.it\/#website","url":"https:\/\/marelliaffettatrici.it\/","name":"Marelli snc","description":"Marelli Affettatrici a volano \u2022 Via Conchetta 15 - 20136 Milano - Marelli Bilance \u2022 Via Conchetta, 15 - 20136 Milanoo","publisher":{"@id":"https:\/\/marelliaffettatrici.it\/#organization"},"potentialAction":[{"@type":"SearchAction","target":{"@type":"EntryPoint","urlTemplate":"https:\/\/marelliaffettatrici.it\/?s={search_term_string}"},"query-input":{"@type":"PropertyValueSpecification","valueRequired":true,"valueName":"search_term_string"}}],"inLanguage":"en-GB"},{"@type":"Organization","@id":"https:\/\/marelliaffettatrici.it\/#organization","name":"Marelli snc","url":"https:\/\/marelliaffettatrici.it\/","logo":{"@type":"ImageObject","inLanguage":"en-GB","@id":"https:\/\/marelliaffettatrici.it\/#\/schema\/logo\/image\/","url":"https:\/\/marelliaffettatrici.it\/wp-content\/uploads\/2021\/02\/Marelli_logo_Tavola-disegno-1.png","contentUrl":"https:\/\/marelliaffettatrici.it\/wp-content\/uploads\/2021\/02\/Marelli_logo_Tavola-disegno-1.png","width":466,"height":77,"caption":"Marelli snc"},"image":{"@id":"https:\/\/marelliaffettatrici.it\/#\/schema\/logo\/image\/"},"sameAs":["https:\/\/www.facebook.com\/profile.php?id=100063528340054","https:\/\/www.instagram.com\/marelliaffettatrici\/"]}]}},"_links":{"self":[{"href":"https:\/\/marelliaffettatrici.it\/en\/wp-json\/wp\/v2\/pages\/3","targetHints":{"allow":["GET"]}}],"collection":[{"href":"https:\/\/marelliaffettatrici.it\/en\/wp-json\/wp\/v2\/pages"}],"about":[{"href":"https:\/\/marelliaffettatrici.it\/en\/wp-json\/wp\/v2\/types\/page"}],"author":[{"embeddable":true,"href":"https:\/\/marelliaffettatrici.it\/en\/wp-json\/wp\/v2\/users\/1"}],"replies":[{"embeddable":true,"href":"https:\/\/marelliaffettatrici.it\/en\/wp-json\/wp\/v2\/comments?post=3"}],"version-history":[{"count":11,"href":"https:\/\/marelliaffettatrici.it\/en\/wp-json\/wp\/v2\/pages\/3\/revisions"}],"predecessor-version":[{"id":1564,"href":"https:\/\/marelliaffettatrici.it\/en\/wp-json\/wp\/v2\/pages\/3\/revisions\/1564"}],"wp:attachment":[{"href":"https:\/\/marelliaffettatrici.it\/en\/wp-json\/wp\/v2\/media?parent=3"}],"curies":[{"name":"wp","href":"https:\/\/api.w.org\/{rel}","templated":true}]}}